{"id":1963,"date":"2016-04-20T13:48:39","date_gmt":"2016-04-20T11:48:39","guid":{"rendered":"http:\/\/hsv-ovenhausen.de\/?page_id=1963"},"modified":"2016-04-24T22:00:52","modified_gmt":"2016-04-24T20:00:52","slug":"20142015-2","status":"publish","type":"page","link":"\/?page_id=1963","title":{"rendered":"2014\/2015"},"content":{"rendered":"<p>Rundenwettk\u00e4mpfe LG aufgelegt 10 Meter<\/p>\n<p>HSV Ovenhausen verteidigt souver\u00e4n den Titel<\/p>\n<table style=\"width: 541px;\">\n<tbody>\n<tr>\n<td style=\"width: 10px;\">P<\/td>\n<td style=\"width: 86px;\">Name<\/td>\n<td style=\"width: 32px;\">1.<\/td>\n<td style=\"width: 37px;\">2.<\/td>\n<td style=\"width: 35px;\">3.<\/td>\n<td style=\"width: 35px;\">4.<\/td>\n<td style=\"width: 33px;\">5.<\/td>\n<td style=\"width: 33.94px;\">6.<\/td>\n<td style=\"width: 47.05px;\">SA.<\/td>\n<\/tr>\n<tr>\n<td style=\"width: 10px;\">1<\/td>\n<td style=\"width: 86px;\">Ovenhausen I<\/td>\n<td style=\"width: 32px;\">896<\/td>\n<td style=\"width: 37px;\">894<\/td>\n<td style=\"width: 35px;\">893<\/td>\n<td style=\"width: 35px;\">898<\/td>\n<td style=\"width: 33px;\">899<\/td>\n<td style=\"width: 33.94px;\">897<\/td>\n<td style=\"width: 47.05px;\">5377<\/td>\n<\/tr>\n<tr>\n<td style=\"width: 10px;\">2<\/td>\n<td style=\"width: 86px;\">Brakel IV<\/td>\n<td style=\"width: 32px;\">890<\/td>\n<td style=\"width: 37px;\">889<\/td>\n<td style=\"width: 35px;\">892<\/td>\n<td style=\"width: 35px;\">893<\/td>\n<td style=\"width: 33px;\">881<\/td>\n<td style=\"width: 33.94px;\">888<\/td>\n<td style=\"width: 47.05px;\">5333<\/td>\n<\/tr>\n<tr>\n<td style=\"width: 10px;\">3<\/td>\n<td style=\"width: 86px;\">Brakel III<\/td>\n<td style=\"width: 32px;\">892<\/td>\n<td style=\"width: 37px;\">888<\/td>\n<td style=\"width: 35px;\">893<\/td>\n<td style=\"width: 35px;\">889<\/td>\n<td style=\"width: 33px;\">880<\/td>\n<td style=\"width: 33.94px;\">889<\/td>\n<td style=\"width: 47.05px;\">5331<\/td>\n<\/tr>\n<tr>\n<td style=\"width: 10px;\">4<\/td>\n<td style=\"width: 86px;\">Brakel II<\/td>\n<td style=\"width: 32px;\">886<\/td>\n<td style=\"width: 37px;\">886<\/td>\n<td style=\"width: 35px;\">886<\/td>\n<td style=\"width: 35px;\">883<\/td>\n<td style=\"width: 33px;\">890<\/td>\n<td style=\"width: 33.94px;\">874<\/td>\n<td style=\"width: 47.05px;\">5305<\/td>\n<\/tr>\n<tr>\n<td style=\"width: 10px;\">5<\/td>\n<td style=\"width: 86px;\">H\u00f6xter<\/td>\n<td style=\"width: 32px;\">877<\/td>\n<td style=\"width: 37px;\">872<\/td>\n<td style=\"width: 35px;\">876<\/td>\n<td style=\"width: 35px;\">875<\/td>\n<td style=\"width: 33px;\">872<\/td>\n<td style=\"width: 33.94px;\">876<\/td>\n<td style=\"width: 47.05px;\">5248<\/td>\n<\/tr>\n<tr>\n<td style=\"width: 10px;\">6<\/td>\n<td style=\"width: 86px;\">Brakel V<\/td>\n<td style=\"width: 32px;\">876<\/td>\n<td style=\"width: 37px;\">869<\/td>\n<td style=\"width: 35px;\">866<\/td>\n<td style=\"width: 35px;\">865<\/td>\n<td style=\"width: 33px;\">879<\/td>\n<td style=\"width: 33.94px;\">888<\/td>\n<td style=\"width: 47.05px;\">5243<\/td>\n<\/tr>\n<\/tbody>\n<\/table>\n<p><a href=\"https:\/\/i0.wp.com\/hsv-ovenhausen.de\/hsv-neu\/wp-content\/uploads\/2016\/04\/DSC_6683.jpg\"><img data-recalc-dims=\"1\" loading=\"lazy\" decoding=\"async\" data-attachment-id=\"1944\" data-permalink=\"\/?attachment_id=1944\" data-orig-file=\"https:\/\/i0.wp.com\/hsv-ovenhausen.de\/hsv-neu\/wp-content\/uploads\/2016\/04\/DSC_6683.jpg?fit=1911%2C1274&amp;ssl=1\" data-orig-size=\"1911,1274\" data-comments-opened=\"0\" data-image-meta=\"{&quot;aperture&quot;:&quot;9&quot;,&quot;credit&quot;:&quot;Wollesen&quot;,&quot;camera&quot;:&quot;NIKON D610&quot;,&quot;caption&quot;:&quot;&quot;,&quot;created_timestamp&quot;:&quot;1420489402&quot;,&quot;copyright&quot;:&quot;CLAUDIA WOLLESEN&quot;,&quot;focal_length&quot;:&quot;36&quot;,&quot;iso&quot;:&quot;500&quot;,&quot;shutter_speed&quot;:&quot;0.005&quot;,&quot;title&quot;:&quot;&quot;,&quot;orientation&quot;:&quot;1&quot;}\" data-image-title=\"DSC_6683\" data-image-description=\"\" data-image-caption=\"\" data-large-file=\"https:\/\/i0.wp.com\/hsv-ovenhausen.de\/hsv-neu\/wp-content\/uploads\/2016\/04\/DSC_6683.jpg?fit=700%2C467&amp;ssl=1\" class=\"alignnone wp-image-1944\" src=\"https:\/\/i0.wp.com\/hsv-ovenhausen.de\/hsv-neu\/wp-content\/uploads\/2016\/04\/DSC_6683.jpg?resize=483%2C322\" alt=\"DSC_6683\" width=\"483\" height=\"322\" data-id=\"1944\" srcset=\"https:\/\/i0.wp.com\/hsv-ovenhausen.de\/hsv-neu\/wp-content\/uploads\/2016\/04\/DSC_6683.jpg?resize=300%2C200&amp;ssl=1 300w, https:\/\/i0.wp.com\/hsv-ovenhausen.de\/hsv-neu\/wp-content\/uploads\/2016\/04\/DSC_6683.jpg?resize=768%2C512&amp;ssl=1 768w, https:\/\/i0.wp.com\/hsv-ovenhausen.de\/hsv-neu\/wp-content\/uploads\/2016\/04\/DSC_6683.jpg?resize=1024%2C683&amp;ssl=1 1024w, https:\/\/i0.wp.com\/hsv-ovenhausen.de\/hsv-neu\/wp-content\/uploads\/2016\/04\/DSC_6683.jpg?w=1911&amp;ssl=1 1911w, https:\/\/i0.wp.com\/hsv-ovenhausen.de\/hsv-neu\/wp-content\/uploads\/2016\/04\/DSC_6683.jpg?w=1400 1400w\" sizes=\"auto, (max-width: 483px) 100vw, 483px\" \/><\/a><\/p>\n<p>von links: Ewald Hanke \u2013 J\u00fcrgen Todt \u2013 Martin Bahr<\/p>\n<p>&nbsp;<\/p>\n<p>LG\u00a0aufgelegt Seniorenklasse \u2013 Einzelwertung<\/p>\n<table>\n<tbody>\n<tr>\n<td>P<\/td>\n<td>Name<\/td>\n<td>1.<\/td>\n<td>2.<\/td>\n<td>3.<\/td>\n<td>4.<\/td>\n<td>5.<\/td>\n<td>6.<\/td>\n<td>Gesamt<\/td>\n<\/tr>\n<tr>\n<td>1<\/td>\n<td>Bahr, M<\/td>\n<td>299<\/td>\n<td>300<\/td>\n<td>299<\/td>\n<td>300<\/td>\n<td>300<\/td>\n<td>300<\/td>\n<td>1798<\/td>\n<\/tr>\n<tr>\n<td>2<\/td>\n<td>Hanke, E<\/td>\n<td>298<\/td>\n<td>298<\/td>\n<td>299<\/td>\n<td>298<\/td>\n<td>299<\/td>\n<td>298<\/td>\n<td>1790<\/td>\n<\/tr>\n<tr>\n<td>3<\/td>\n<td>Todt, J<\/td>\n<td>299<\/td>\n<td>296<\/td>\n<td>295<\/td>\n<td>300<\/td>\n<td>300<\/td>\n<td>299<\/td>\n<td>1789<\/td>\n<\/tr>\n<tr>\n<td>7<\/td>\n<td>Mutter, B.<\/td>\n<td>295<\/td>\n<td>297<\/td>\n<td>291<\/td>\n<td>299<\/td>\n<td>299<\/td>\n<td>300<\/td>\n<td>1781<\/td>\n<\/tr>\n<\/tbody>\n<\/table>\n<p>Die Sch\u00fctzen Martin Bahr \u2013 Ewald Hanke und J\u00fcrgen Todt belegten auch in der Einzelwertung die ersten 3 Pl\u00e4tze.\u00a0Bernward Mutter\u00a0als Einzelsch\u00fctze\u00a0erreichte\u00a0einen sehr guten\u00a07 ten\u00a0Platz.<\/p>\n<p>&nbsp;<\/p>\n","protected":false},"excerpt":{"rendered":"<p>Rundenwettk\u00e4mpfe LG aufgelegt 10 Meter HSV Ovenhausen verteidigt souver\u00e4n den Titel P Name 1. 2. 3. 4. 5. 6. SA. 1 Ovenhausen I 896 894 893 898 899 897 5377 2 Brakel IV 890 889 892 893 881 888 5333&hellip; <\/p>\n","protected":false},"author":6,"featured_media":0,"parent":1961,"menu_order":0,"comment_status":"closed","ping_status":"closed","template":"","meta":{"jetpack_post_was_ever_published":false,"footnotes":""},"class_list":["post-1963","page","type-page","status-publish","hentry"],"jetpack_sharing_enabled":true,"jetpack_shortlink":"https:\/\/wp.me\/P7qpVN-vF","jetpack-related-posts":[{"id":2030,"url":"\/?page_id=2030","url_meta":{"origin":1963,"position":0},"title":"2016","author":"Martin Bahr","date":"22. April 2016","format":false,"excerpt":"Bezirksmeisterschaft KK 100 Meter \u2013 Senioren A Die erste Mannschaft des HSV Ovenhausen mit den Sch\u00fctzen: Ewald Hanke 298 \u2013 Elmar Dr\u00fcke 298 und Martin Bahr 297 sichern sich den Titel vor Brakel Platz 1\u00a0\u00a0\u00a0\u00a0\u00a0\u00a0\u00a0\u00a0\u00a0\u00a0\u00a0\u00a0\u00a0\u00a0\u00a0\u00a0 HSV Ovenhausen\u00a0\u00a0\u00a0\u00a0\u00a0\u00a0\u00a0\u00a0\u00a0\u00a0\u00a0 893 Ring Platz 2\u00a0\u00a0\u00a0\u00a0\u00a0\u00a0\u00a0\u00a0\u00a0\u00a0\u00a0\u00a0\u00a0\u00a0\u00a0\u00a0 Brakel I\u00a0\u00a0\u00a0\u00a0\u00a0\u00a0\u00a0\u00a0\u00a0\u00a0\u00a0\u00a0\u00a0\u00a0\u00a0\u00a0\u00a0\u00a0\u00a0\u00a0\u00a0\u00a0\u00a0\u00a0\u00a0\u00a0\u00a0\u00a0 887 Ring Von links: Elmar Dr\u00fcke \u2013\u2026","rel":"","context":"\u00c4hnlicher Beitrag","block_context":{"text":"\u00c4hnlicher Beitrag","link":""},"img":{"alt_text":"DSC_6684_pp","src":"https:\/\/i0.wp.com\/hsv-ovenhausen.de\/hsv-neu\/wp-content\/uploads\/2016\/04\/DSC_6684_pp-3-300x200.jpg?resize=350%2C200","width":350,"height":200},"classes":[]},{"id":2024,"url":"\/?page_id=2024","url_meta":{"origin":1963,"position":1},"title":"2016","author":"Martin Bahr","date":"21. April 2016","format":false,"excerpt":"HSV Ovenhausen dominiert in Warburg Schie\u00dfen: Bei den Kreismeisterschaften gewinnen Hanke, Bahr und Dr\u00fcke alle Disziplinen \u00a5 Ovenhausen (nw). Erfolgreicher geht es kaum \u2013 bei allen Starts siegten die Senioren A des Heimatsch\u00fctzenvereins Ovenhausen in der Mannschafts- sowie in der Einzelwertung bei den Kreismeisterschaften in Warburg. In der Disziplin Kleinkaliber\u2026","rel":"","context":"\u00c4hnlicher Beitrag","block_context":{"text":"\u00c4hnlicher Beitrag","link":""},"img":{"alt_text":"","src":"https:\/\/i0.wp.com\/hsv-ovenhausen.de\/hsv-neu\/wp-content\/uploads\/2016\/04\/DSC_6684_pp-4-300x200.jpg?resize=350%2C200","width":350,"height":200,"srcset":"https:\/\/i0.wp.com\/hsv-ovenhausen.de\/hsv-neu\/wp-content\/uploads\/2016\/04\/DSC_6684_pp-4-300x200.jpg?resize=350%2C200 1x, https:\/\/i0.wp.com\/hsv-ovenhausen.de\/hsv-neu\/wp-content\/uploads\/2016\/04\/DSC_6684_pp-4-300x200.jpg?resize=525%2C300 1.5x"},"classes":[]},{"id":2045,"url":"\/?page_id=2045","url_meta":{"origin":1963,"position":2},"title":"2016","author":"Martin Bahr","date":"23. April 2016","format":false,"excerpt":"HSV Ovenhausen dominiert in Warburg Schie\u00dfen: Bei den Kreismeisterschaften 2016\u00a0gewinnen Hanke, Bahr und Dr\u00fcke alle Disziplinen \u00a5 Ovenhausen (nw). Erfolgreicher geht es kaum \u2013 bei allen Starts siegten die Senioren A des Heimatsch\u00fctzenvereins Ovenhausen in der Mannschafts- sowie in der Einzelwertung bei den Kreismeisterschaften in Warburg. In der Disziplin Kleinkaliber\u2026","rel":"","context":"\u00c4hnlicher Beitrag","block_context":{"text":"\u00c4hnlicher Beitrag","link":""},"img":{"alt_text":"","src":"https:\/\/i0.wp.com\/hsv-ovenhausen.de\/hsv-neu\/wp-content\/uploads\/2017\/01\/1111120151018_154136-300x180.jpg?resize=350%2C200","width":350,"height":200,"srcset":"https:\/\/i0.wp.com\/hsv-ovenhausen.de\/hsv-neu\/wp-content\/uploads\/2017\/01\/1111120151018_154136-300x180.jpg?resize=350%2C200 1x, https:\/\/i0.wp.com\/hsv-ovenhausen.de\/hsv-neu\/wp-content\/uploads\/2017\/01\/1111120151018_154136-300x180.jpg?resize=525%2C300 1.5x"},"classes":[]},{"id":2272,"url":"\/?page_id=2272","url_meta":{"origin":1963,"position":3},"title":"2016 KK Senioren A 100 Meter","author":"Martin Bahr","date":"4. Juli 2016","format":false,"excerpt":"Landesmeister ist der HSV Ovenhausen in der Disziplin KK \u2013 100 Meter Langsam wird es unheimlich um den HSV Ovenhausen \u2013 beim dritten Start der diesj\u00e4hrigen Landesmeisterschaften der Senioren A, dieses mal in Hamm, in der Disziplin KK-100 Meter wurde wieder gesiegt. Die Sch\u00fctzen Ewald Hanke, Martin Bahr und Elmar\u2026","rel":"","context":"\u00c4hnlicher Beitrag","block_context":{"text":"\u00c4hnlicher Beitrag","link":""},"img":{"alt_text":"IMG-20160703-WA0015_1467624075304","src":"https:\/\/i0.wp.com\/hsv-ovenhausen.de\/hsv-neu\/wp-content\/uploads\/2016\/07\/IMG-20160703-WA0015_1467624075304-300x169.jpg?resize=350%2C200","width":350,"height":200,"srcset":"https:\/\/i0.wp.com\/hsv-ovenhausen.de\/hsv-neu\/wp-content\/uploads\/2016\/07\/IMG-20160703-WA0015_1467624075304-300x169.jpg?resize=350%2C200 1x, https:\/\/i0.wp.com\/hsv-ovenhausen.de\/hsv-neu\/wp-content\/uploads\/2016\/07\/IMG-20160703-WA0015_1467624075304-300x169.jpg?resize=525%2C300 1.5x"},"classes":[]},{"id":2573,"url":"\/?page_id=2573","url_meta":{"origin":1963,"position":4},"title":"2015\/2016","author":"Martin Bahr","date":"9. Januar 2017","format":false,"excerpt":"Auch die Rundenwettk\u00e4mpfe der Saison 2015\/2016 LG 10 Meter wurden souver\u00e4n gewonnen. In der Mannschaftswertung belegt der HSV Ovenhausen\u00a0die ersten beiden\u00a0 Pl\u00e4tze in der Abschlusstabelle \u00a0P \u00a0Verein\u00a0\u00a0 1 2 3 4 5 6 \u00a0SA 1 \u00a0HSV Ovenhausen I\u00a0\u00a0 894 896 897 893 899 897 5376 2 \u00a0HSV Ovenh. \u00a0II\u00a0\u00a0 894\u2026","rel":"","context":"\u00c4hnlicher Beitrag","block_context":{"text":"\u00c4hnlicher Beitrag","link":""},"img":{"alt_text":"","src":"https:\/\/i0.wp.com\/hsv-ovenhausen.de\/hsv-neu\/wp-content\/uploads\/2017\/01\/DSC_6696_pp-3-300x200.jpg?resize=350%2C200","width":350,"height":200,"srcset":"https:\/\/i0.wp.com\/hsv-ovenhausen.de\/hsv-neu\/wp-content\/uploads\/2017\/01\/DSC_6696_pp-3-300x200.jpg?resize=350%2C200 1x, https:\/\/i0.wp.com\/hsv-ovenhausen.de\/hsv-neu\/wp-content\/uploads\/2017\/01\/DSC_6696_pp-3-300x200.jpg?resize=525%2C300 1.5x"},"classes":[]},{"id":113,"url":"\/?page_id=113","url_meta":{"origin":1963,"position":5},"title":"Links","author":"Sebastian Werpup","date":"17. Januar 2015","format":false,"excerpt":"Ortschaft Ovenhausen Blaskapelle Ovenhausen L\u00f6schgruppe Ovenhausen TC 86 Ovenhausen TuS Ovenhausen Ovenh\u00e4user Musikanten Westf\u00e4lischer Sch\u00fctzenbund","rel":"","context":"\u00c4hnlicher Beitrag","block_context":{"text":"\u00c4hnlicher Beitrag","link":""},"img":{"alt_text":"","src":"","width":0,"height":0},"classes":[]}],"_links":{"self":[{"href":"\/index.php?rest_route=\/wp\/v2\/pages\/1963","targetHints":{"allow":["GET"]}}],"collection":[{"href":"\/index.php?rest_route=\/wp\/v2\/pages"}],"about":[{"href":"\/index.php?rest_route=\/wp\/v2\/types\/page"}],"author":[{"embeddable":true,"href":"\/index.php?rest_route=\/wp\/v2\/users\/6"}],"replies":[{"embeddable":true,"href":"\/index.php?rest_route=%2Fwp%2Fv2%2Fcomments&post=1963"}],"version-history":[{"count":7,"href":"\/index.php?rest_route=\/wp\/v2\/pages\/1963\/revisions"}],"predecessor-version":[{"id":2110,"href":"\/index.php?rest_route=\/wp\/v2\/pages\/1963\/revisions\/2110"}],"up":[{"embeddable":true,"href":"\/index.php?rest_route=\/wp\/v2\/pages\/1961"}],"wp:attachment":[{"href":"\/index.php?rest_route=%2Fwp%2Fv2%2Fmedia&parent=1963"}],"curies":[{"name":"wp","href":"https:\/\/api.w.org\/{rel}","templated":true}]}}