{"id":1535,"date":"2016-04-15T02:11:40","date_gmt":"2016-04-15T00:11:40","guid":{"rendered":"http:\/\/hsv-ovenhausen.de\/?page_id=1535"},"modified":"2016-04-24T21:59:36","modified_gmt":"2016-04-24T19:59:36","slug":"2015-2","status":"publish","type":"page","link":"\/?page_id=1535","title":{"rendered":"2015"},"content":{"rendered":"<p>KK-Leistungsklasse<\/p>\n<p>Geschossen wurden 10 Wettk\u00e4mpfe bei denen jeder Sch\u00fctze jeweils 15 Schu\u00df abzugeben hat. Die Gegner in dieser Gruppe waren: Steinheim &#8211; Brenkhausen &#8211; Beller &#8211; Reelsen und Amelunxen.<\/p>\n<table style=\"width: 589px;\">\n<tbody>\n<tr>\n<td style=\"width: 166px;\">Mannschaftswertung<\/td>\n<td style=\"width: 150px;\"><\/td>\n<td style=\"width: 85px;\"><\/td>\n<td style=\"width: 70.94px;\">Ringz.<\/td>\n<td style=\"width: 104.05px;\">Punkte<\/td>\n<\/tr>\n<tr>\n<td style=\"width: 166px;\"><\/td>\n<td style=\"width: 150px;\">HSV Ovenhausen I<\/td>\n<td style=\"width: 85px;\">PLatz 1<\/td>\n<td style=\"width: 70.94px;\">4407<\/td>\n<td style=\"width: 104.05px;\">20:00<\/td>\n<\/tr>\n<tr>\n<td style=\"width: 166px;\"><\/td>\n<td style=\"width: 150px;\"><\/td>\n<td style=\"width: 85px;\"><\/td>\n<td style=\"width: 70.94px;\"><\/td>\n<td style=\"width: 104.05px;\"><\/td>\n<\/tr>\n<tr>\n<td style=\"width: 166px;\">Einzelwertung<\/td>\n<td style=\"width: 150px;\"><\/td>\n<td style=\"width: 85px;\"><\/td>\n<td style=\"width: 70.94px;\">Ringz.<\/td>\n<td style=\"width: 104.05px;\"><\/td>\n<\/tr>\n<tr>\n<td style=\"width: 166px;\"><\/td>\n<td style=\"width: 150px;\">Ewald, Hanke<\/td>\n<td style=\"width: 85px;\">Platz 1<\/td>\n<td style=\"width: 70.94px;\">1475<\/td>\n<td style=\"width: 104.05px;\"><\/td>\n<\/tr>\n<tr>\n<td style=\"width: 166px;\"><\/td>\n<td style=\"width: 150px;\">Martin, Bahr<\/td>\n<td style=\"width: 85px;\">Platz 2<\/td>\n<td style=\"width: 70.94px;\">1470<\/td>\n<td style=\"width: 104.05px;\"><\/td>\n<\/tr>\n<tr>\n<td style=\"width: 166px;\"><\/td>\n<td style=\"width: 150px;\">J\u00fcrgen, Todt<\/td>\n<td style=\"width: 85px;\">Platz 4<\/td>\n<td style=\"width: 70.94px;\">1462<\/td>\n<td style=\"width: 104.05px;\"><\/td>\n<\/tr>\n<\/tbody>\n<\/table>\n<p>Die erste Mannschaft siegt souver\u00e4n ohne einen Verlustpunkt. Jeder Wettbewerb wurde gewonnen.<\/p>\n<p><a href=\"https:\/\/i0.wp.com\/hsv-ovenhausen.de\/hsv-neu\/wp-content\/uploads\/2016\/04\/DSC_6696_pp.jpg\"><img data-recalc-dims=\"1\" loading=\"lazy\" decoding=\"async\" data-attachment-id=\"1907\" data-permalink=\"\/?attachment_id=1907\" data-orig-file=\"https:\/\/i0.wp.com\/hsv-ovenhausen.de\/hsv-neu\/wp-content\/uploads\/2016\/04\/DSC_6696_pp.jpg?fit=2000%2C1333&amp;ssl=1\" data-orig-size=\"2000,1333\" data-comments-opened=\"0\" data-image-meta=\"{&quot;aperture&quot;:&quot;9&quot;,&quot;credit&quot;:&quot;Wollesen&quot;,&quot;camera&quot;:&quot;NIKON D610&quot;,&quot;caption&quot;:&quot;&quot;,&quot;created_timestamp&quot;:&quot;1420490311&quot;,&quot;copyright&quot;:&quot;CLAUDIA WOLLESEN&quot;,&quot;focal_length&quot;:&quot;36&quot;,&quot;iso&quot;:&quot;500&quot;,&quot;shutter_speed&quot;:&quot;0.00625&quot;,&quot;title&quot;:&quot;&quot;,&quot;orientation&quot;:&quot;0&quot;}\" data-image-title=\"DSC_6696_pp\" data-image-description=\"\" data-image-caption=\"\" data-large-file=\"https:\/\/i0.wp.com\/hsv-ovenhausen.de\/hsv-neu\/wp-content\/uploads\/2016\/04\/DSC_6696_pp.jpg?fit=700%2C466&amp;ssl=1\" class=\"alignnone wp-image-1907\" src=\"https:\/\/i0.wp.com\/hsv-ovenhausen.de\/hsv-neu\/wp-content\/uploads\/2016\/04\/DSC_6696_pp.jpg?resize=467%2C311\" alt=\"DSC_6696_pp\" width=\"467\" height=\"311\" data-id=\"1907\" srcset=\"https:\/\/i0.wp.com\/hsv-ovenhausen.de\/hsv-neu\/wp-content\/uploads\/2016\/04\/DSC_6696_pp.jpg?resize=300%2C200&amp;ssl=1 300w, https:\/\/i0.wp.com\/hsv-ovenhausen.de\/hsv-neu\/wp-content\/uploads\/2016\/04\/DSC_6696_pp.jpg?resize=768%2C512&amp;ssl=1 768w, https:\/\/i0.wp.com\/hsv-ovenhausen.de\/hsv-neu\/wp-content\/uploads\/2016\/04\/DSC_6696_pp.jpg?resize=1024%2C682&amp;ssl=1 1024w, https:\/\/i0.wp.com\/hsv-ovenhausen.de\/hsv-neu\/wp-content\/uploads\/2016\/04\/DSC_6696_pp.jpg?w=2000&amp;ssl=1 2000w, https:\/\/i0.wp.com\/hsv-ovenhausen.de\/hsv-neu\/wp-content\/uploads\/2016\/04\/DSC_6696_pp.jpg?w=1400 1400w\" sizes=\"auto, (max-width: 467px) 100vw, 467px\" \/><\/a><\/p>\n<p>stehend von links: Elmar Dr\u00fcke &#8211; Rolf Ma\u00dfmann &#8211; Ewald Hanke &#8211; Martin Bahr &#8211;\u00a0\u00a0\u00a0\u00a0\u00a0\u00a0\u00a0\u00a0\u00a0\u00a0\u00a0\u00a0\u00a0 Markus B\u00f6melburg<\/p>\n<p>knieend von links: Bernward Mutter &#8211; J\u00fcrgen Todt &#8211; Robin Hoppe<\/p>\n<p>&nbsp;<\/p>\n<p><span style=\"color: #ff0000;\">Die dritte Mannschaft des HSV startete in der 1 Kreisklasse.<\/span><\/p>\n<p>Geschossen wurden ebenso 10 Wettk\u00e4mpfe. Die Gegner waren: Steinheim II &#8211; Amelunxen II &#8211; B\u00f6dexen I &#8211; B\u00f6dexen II und H\u00f6xter I<\/p>\n<table style=\"width: 590px;\">\n<tbody>\n<tr>\n<td style=\"width: 142px;\">Mannschaftswertung<\/td>\n<td style=\"width: 145px;\"><\/td>\n<td style=\"width: 63px;\"><\/td>\n<td style=\"width: 52.69px;\">Ringz.<\/td>\n<td style=\"width: 62.3px;\">Punkte<\/td>\n<\/tr>\n<tr>\n<td style=\"width: 142px;\"><\/td>\n<td style=\"width: 145px;\">HSV Ovenhausen III<\/td>\n<td style=\"width: 63px;\">PLatz 1<\/td>\n<td style=\"width: 52.69px;\">4293<\/td>\n<td style=\"width: 62.3px;\">20:00<\/td>\n<\/tr>\n<tr>\n<td style=\"width: 142px;\"><\/td>\n<td style=\"width: 145px;\"><\/td>\n<td style=\"width: 63px;\"><\/td>\n<td style=\"width: 52.69px;\"><\/td>\n<td style=\"width: 62.3px;\"><\/td>\n<\/tr>\n<tr>\n<td style=\"width: 142px;\">Einzelwertung<\/td>\n<td style=\"width: 145px;\"><\/td>\n<td style=\"width: 63px;\"><\/td>\n<td style=\"width: 52.69px;\">Ringz.<\/td>\n<td style=\"width: 62.3px;\"><\/td>\n<\/tr>\n<tr>\n<td style=\"width: 142px;\"><\/td>\n<td style=\"width: 145px;\">Rolf, Ma\u00dfmann<\/td>\n<td style=\"width: 63px;\">Platz 1<\/td>\n<td style=\"width: 52.69px;\">1440<\/td>\n<td style=\"width: 62.3px;\"><\/td>\n<\/tr>\n<tr>\n<td style=\"width: 142px;\"><\/td>\n<td style=\"width: 145px;\">Robin, Hoppe<\/td>\n<td style=\"width: 63px;\">Platz 3<\/td>\n<td style=\"width: 52.69px;\">1422<\/td>\n<td style=\"width: 62.3px;\"><\/td>\n<\/tr>\n<tr>\n<td style=\"width: 142px;\"><\/td>\n<td style=\"width: 145px;\">Elmar, Dr\u00fcke<\/td>\n<td style=\"width: 63px;\"><\/td>\n<td style=\"width: 52.69px;\"><\/td>\n<\/tr>\n<tr>\n<td style=\"width: 142px;\"><\/td>\n<td style=\"width: 145px;\">Markus, B\u00f6melburg<\/td>\n<td style=\"width: 63px;\"><\/td>\n<td style=\"width: 52.69px;\"><\/td>\n<\/tr>\n<\/tbody>\n<\/table>\n<p>Auch diese Mannschaft\u00a0siegte ohne einen Verlustpunkt und steigt somit\u00a0in die Leistungsklasse auf. Elmar und Markus haben sich gegenseitig\u00a0vertreten &#8211; aber keiner hat das komplette Jahresergebnis durchgeschossen. Daher gibt es keine Einzelplatzierung.<\/p>\n<p>&nbsp;<\/p>\n<p>&nbsp;<\/p>\n<p>&nbsp;<\/p>\n<p>&nbsp;<\/p>\n<p>&nbsp;<\/p>\n","protected":false},"excerpt":{"rendered":"<p>KK-Leistungsklasse Geschossen wurden 10 Wettk\u00e4mpfe bei denen jeder Sch\u00fctze jeweils 15 Schu\u00df abzugeben hat. Die Gegner in dieser Gruppe waren: Steinheim &#8211; Brenkhausen &#8211; Beller &#8211; Reelsen und Amelunxen. Mannschaftswertung Ringz. Punkte HSV Ovenhausen I PLatz 1 4407 20:00 Einzelwertung&hellip; <\/p>\n","protected":false},"author":6,"featured_media":0,"parent":1410,"menu_order":0,"comment_status":"closed","ping_status":"closed","template":"","meta":{"jetpack_post_was_ever_published":false,"footnotes":""},"class_list":["post-1535","page","type-page","status-publish","hentry"],"jetpack_sharing_enabled":true,"jetpack_shortlink":"https:\/\/wp.me\/P7qpVN-oL","jetpack-related-posts":[],"_links":{"self":[{"href":"\/index.php?rest_route=\/wp\/v2\/pages\/1535","targetHints":{"allow":["GET"]}}],"collection":[{"href":"\/index.php?rest_route=\/wp\/v2\/pages"}],"about":[{"href":"\/index.php?rest_route=\/wp\/v2\/types\/page"}],"author":[{"embeddable":true,"href":"\/index.php?rest_route=\/wp\/v2\/users\/6"}],"replies":[{"embeddable":true,"href":"\/index.php?rest_route=%2Fwp%2Fv2%2Fcomments&post=1535"}],"version-history":[{"count":14,"href":"\/index.php?rest_route=\/wp\/v2\/pages\/1535\/revisions"}],"predecessor-version":[{"id":2106,"href":"\/index.php?rest_route=\/wp\/v2\/pages\/1535\/revisions\/2106"}],"up":[{"embeddable":true,"href":"\/index.php?rest_route=\/wp\/v2\/pages\/1410"}],"wp:attachment":[{"href":"\/index.php?rest_route=%2Fwp%2Fv2%2Fmedia&parent=1535"}],"curies":[{"name":"wp","href":"https:\/\/api.w.org\/{rel}","templated":true}]}}