{"id":1529,"date":"2016-04-15T02:10:11","date_gmt":"2016-04-15T00:10:11","guid":{"rendered":"http:\/\/hsv-ovenhausen.de\/?page_id=1529"},"modified":"2016-04-20T15:03:09","modified_gmt":"2016-04-20T13:03:09","slug":"2015-2","status":"publish","type":"page","link":"\/?page_id=1529","title":{"rendered":"2015"},"content":{"rendered":"<p><span style=\"color: #ff0000;\">Senioren A &#8211;\u00a0KK 50 Meter<\/span><\/p>\n<p>Die Sch\u00fctzen Ewald Hanke &#8211; Martin Bahr und Elmar Dr\u00fcke sicherten sich bei den diesj\u00e4hrigen Kreismeisterschaften in H\u00f6xter den Titel.<\/p>\n<p>In der Einzelwertung belegten die Sch\u00fctzen auch gleich nur vordere\u00a0Pl\u00e4tze. Kreismeister wurde\u00a0Ewald Hanke\u00a0mit\u00a0298 Ring &#8211;\u00a0vor Martin Bahr, der mit 294 Ring\u00a0Platz 2 belegte.\u00a0Den\u00a0siebten Platz\u00a0belegte Elmar Dr\u00fcke mit 276 Ring.<\/p>\n<p><a href=\"https:\/\/i0.wp.com\/hsv-ovenhausen.de\/hsv-neu\/wp-content\/uploads\/2016\/04\/DSC_6684_pp-3.jpg\"><img data-recalc-dims=\"1\" loading=\"lazy\" decoding=\"async\" data-attachment-id=\"1971\" data-permalink=\"\/?attachment_id=1971\" data-orig-file=\"https:\/\/i0.wp.com\/hsv-ovenhausen.de\/hsv-neu\/wp-content\/uploads\/2016\/04\/DSC_6684_pp-3.jpg?fit=2000%2C1333&amp;ssl=1\" data-orig-size=\"2000,1333\" data-comments-opened=\"0\" data-image-meta=\"{&quot;aperture&quot;:&quot;9&quot;,&quot;credit&quot;:&quot;Wollesen&quot;,&quot;camera&quot;:&quot;NIKON D610&quot;,&quot;caption&quot;:&quot;&quot;,&quot;created_timestamp&quot;:&quot;1420489560&quot;,&quot;copyright&quot;:&quot;CLAUDIA WOLLESEN&quot;,&quot;focal_length&quot;:&quot;36&quot;,&quot;iso&quot;:&quot;500&quot;,&quot;shutter_speed&quot;:&quot;0.005&quot;,&quot;title&quot;:&quot;&quot;,&quot;orientation&quot;:&quot;0&quot;}\" data-image-title=\"DSC_6684_pp\" data-image-description=\"\" data-image-caption=\"\" data-large-file=\"https:\/\/i0.wp.com\/hsv-ovenhausen.de\/hsv-neu\/wp-content\/uploads\/2016\/04\/DSC_6684_pp-3.jpg?fit=700%2C466&amp;ssl=1\" class=\" wp-image-1971 aligncenter\" src=\"https:\/\/i0.wp.com\/hsv-ovenhausen.de\/hsv-neu\/wp-content\/uploads\/2016\/04\/DSC_6684_pp-3.jpg?resize=456%2C304\" alt=\"DSC_6684_pp\" width=\"456\" height=\"304\" data-id=\"1971\" srcset=\"https:\/\/i0.wp.com\/hsv-ovenhausen.de\/hsv-neu\/wp-content\/uploads\/2016\/04\/DSC_6684_pp-3.jpg?resize=300%2C200&amp;ssl=1 300w, https:\/\/i0.wp.com\/hsv-ovenhausen.de\/hsv-neu\/wp-content\/uploads\/2016\/04\/DSC_6684_pp-3.jpg?resize=768%2C512&amp;ssl=1 768w, https:\/\/i0.wp.com\/hsv-ovenhausen.de\/hsv-neu\/wp-content\/uploads\/2016\/04\/DSC_6684_pp-3.jpg?resize=1024%2C682&amp;ssl=1 1024w, https:\/\/i0.wp.com\/hsv-ovenhausen.de\/hsv-neu\/wp-content\/uploads\/2016\/04\/DSC_6684_pp-3.jpg?w=2000&amp;ssl=1 2000w, https:\/\/i0.wp.com\/hsv-ovenhausen.de\/hsv-neu\/wp-content\/uploads\/2016\/04\/DSC_6684_pp-3.jpg?w=1400 1400w\" sizes=\"auto, (max-width: 456px) 100vw, 456px\" \/>\u00a0<\/a>\u00a0\u00a0\u00a0\u00a0\u00a0\u00a0\u00a0\u00a0\u00a0\u00a0\u00a0\u00a0\u00a0\u00a0\u00a0\u00a0 von links: Elmar Dr\u00fcke &#8211; Ewald Hanke &#8211; Martin Bahr<\/p>\n<p>&nbsp;<\/p>\n<p><span style=\"color: #0000ff;\">Senioren\u00a0<\/span><\/p>\n<p><span style=\"color: #0000ff;\">Die Senioren<\/span> des HSV\u00a0k\u00f6nnen derzeit noch keine Mannschaft stellen. Es ist wie beim Skat &#8211; es fehlt der dritte Mann.\u00a0<a href=\"https:\/\/i0.wp.com\/hsv-ovenhausen.de\/hsv-neu\/wp-content\/uploads\/2016\/04\/DSC_6667.jpg\"><img data-recalc-dims=\"1\" loading=\"lazy\" decoding=\"async\" data-attachment-id=\"1980\" data-permalink=\"\/?attachment_id=1980\" data-orig-file=\"https:\/\/i0.wp.com\/hsv-ovenhausen.de\/hsv-neu\/wp-content\/uploads\/2016\/04\/DSC_6667.jpg?fit=1360%2C2046&amp;ssl=1\" data-orig-size=\"1360,2046\" data-comments-opened=\"0\" data-image-meta=\"{&quot;aperture&quot;:&quot;9&quot;,&quot;credit&quot;:&quot;Wollesen&quot;,&quot;camera&quot;:&quot;NIKON D610&quot;,&quot;caption&quot;:&quot;&quot;,&quot;created_timestamp&quot;:&quot;1420488619&quot;,&quot;copyright&quot;:&quot;CLAUDIA WOLLESEN&quot;,&quot;focal_length&quot;:&quot;36&quot;,&quot;iso&quot;:&quot;500&quot;,&quot;shutter_speed&quot;:&quot;0.005&quot;,&quot;title&quot;:&quot;&quot;,&quot;orientation&quot;:&quot;1&quot;}\" data-image-title=\"DSC_6667\" data-image-description=\"\" data-image-caption=\"\" data-large-file=\"https:\/\/i0.wp.com\/hsv-ovenhausen.de\/hsv-neu\/wp-content\/uploads\/2016\/04\/DSC_6667.jpg?fit=681%2C1024&amp;ssl=1\" class=\"alignnone wp-image-1980\" src=\"https:\/\/i0.wp.com\/hsv-ovenhausen.de\/hsv-neu\/wp-content\/uploads\/2016\/04\/DSC_6667.jpg?resize=142%2C214\" alt=\"DSC_6667\" width=\"142\" height=\"214\" data-id=\"1980\" srcset=\"https:\/\/i0.wp.com\/hsv-ovenhausen.de\/hsv-neu\/wp-content\/uploads\/2016\/04\/DSC_6667.jpg?resize=199%2C300&amp;ssl=1 199w, https:\/\/i0.wp.com\/hsv-ovenhausen.de\/hsv-neu\/wp-content\/uploads\/2016\/04\/DSC_6667.jpg?resize=768%2C1155&amp;ssl=1 768w, https:\/\/i0.wp.com\/hsv-ovenhausen.de\/hsv-neu\/wp-content\/uploads\/2016\/04\/DSC_6667.jpg?resize=681%2C1024&amp;ssl=1 681w, https:\/\/i0.wp.com\/hsv-ovenhausen.de\/hsv-neu\/wp-content\/uploads\/2016\/04\/DSC_6667.jpg?w=1360&amp;ssl=1 1360w\" sizes=\"auto, (max-width: 142px) 100vw, 142px\" \/><\/a><\/p>\n<p>Unser Markus w\u00e4re eine Option, der ist aber noch zu jung &#8211; aber nicht zu schwer \ud83d\ude42<\/p>\n<p>Daher ist nur ein Start als Einzelsch\u00fctze m\u00f6glich. In der Einzelwertung wurde J\u00fcrgen Todt mit 290 Ring Kreismeister\u00a0und\u00a0Rolf Ma\u00dfmann belegte\u00a0den\u00a0dritten Platz.<\/p>\n<p>&nbsp;<\/p>\n<p><a href=\"https:\/\/i0.wp.com\/hsv-ovenhausen.de\/hsv-neu\/wp-content\/uploads\/2016\/04\/DSC_6660-1.jpg\"><img data-recalc-dims=\"1\" loading=\"lazy\" decoding=\"async\" data-attachment-id=\"1982\" data-permalink=\"\/?attachment_id=1982\" data-orig-file=\"https:\/\/i0.wp.com\/hsv-ovenhausen.de\/hsv-neu\/wp-content\/uploads\/2016\/04\/DSC_6660-1.jpg?fit=1273%2C1909&amp;ssl=1\" data-orig-size=\"1273,1909\" data-comments-opened=\"0\" data-image-meta=\"{&quot;aperture&quot;:&quot;9&quot;,&quot;credit&quot;:&quot;Wollesen&quot;,&quot;camera&quot;:&quot;NIKON D610&quot;,&quot;caption&quot;:&quot;&quot;,&quot;created_timestamp&quot;:&quot;1420488407&quot;,&quot;copyright&quot;:&quot;CLAUDIA WOLLESEN&quot;,&quot;focal_length&quot;:&quot;36&quot;,&quot;iso&quot;:&quot;500&quot;,&quot;shutter_speed&quot;:&quot;0.005&quot;,&quot;title&quot;:&quot;&quot;,&quot;orientation&quot;:&quot;1&quot;}\" data-image-title=\"DSC_6660\" data-image-description=\"\" data-image-caption=\"\" data-large-file=\"https:\/\/i0.wp.com\/hsv-ovenhausen.de\/hsv-neu\/wp-content\/uploads\/2016\/04\/DSC_6660-1.jpg?fit=683%2C1024&amp;ssl=1\" class=\"alignnone size-medium wp-image-1982\" src=\"https:\/\/i0.wp.com\/hsv-ovenhausen.de\/hsv-neu\/wp-content\/uploads\/2016\/04\/DSC_6660-1.jpg?resize=200%2C300\" alt=\"DSC_6660\" width=\"200\" height=\"300\" data-id=\"1982\" srcset=\"https:\/\/i0.wp.com\/hsv-ovenhausen.de\/hsv-neu\/wp-content\/uploads\/2016\/04\/DSC_6660-1.jpg?resize=200%2C300&amp;ssl=1 200w, https:\/\/i0.wp.com\/hsv-ovenhausen.de\/hsv-neu\/wp-content\/uploads\/2016\/04\/DSC_6660-1.jpg?resize=768%2C1152&amp;ssl=1 768w, https:\/\/i0.wp.com\/hsv-ovenhausen.de\/hsv-neu\/wp-content\/uploads\/2016\/04\/DSC_6660-1.jpg?resize=683%2C1024&amp;ssl=1 683w, https:\/\/i0.wp.com\/hsv-ovenhausen.de\/hsv-neu\/wp-content\/uploads\/2016\/04\/DSC_6660-1.jpg?w=1273&amp;ssl=1 1273w\" sizes=\"auto, (max-width: 200px) 100vw, 200px\" \/><\/a> <a href=\"https:\/\/i0.wp.com\/hsv-ovenhausen.de\/hsv-neu\/wp-content\/uploads\/2016\/04\/DSC_6677_pp.jpg\"><img data-recalc-dims=\"1\" loading=\"lazy\" decoding=\"async\" data-attachment-id=\"1981\" data-permalink=\"\/?attachment_id=1981\" data-orig-file=\"https:\/\/i0.wp.com\/hsv-ovenhausen.de\/hsv-neu\/wp-content\/uploads\/2016\/04\/DSC_6677_pp.jpg?fit=1485%2C2230&amp;ssl=1\" data-orig-size=\"1485,2230\" data-comments-opened=\"0\" data-image-meta=\"{&quot;aperture&quot;:&quot;9&quot;,&quot;credit&quot;:&quot;Wollesen&quot;,&quot;camera&quot;:&quot;NIKON D610&quot;,&quot;caption&quot;:&quot;&quot;,&quot;created_timestamp&quot;:&quot;1420489017&quot;,&quot;copyright&quot;:&quot;CLAUDIA WOLLESEN&quot;,&quot;focal_length&quot;:&quot;36&quot;,&quot;iso&quot;:&quot;500&quot;,&quot;shutter_speed&quot;:&quot;0.005&quot;,&quot;title&quot;:&quot;&quot;,&quot;orientation&quot;:&quot;1&quot;}\" data-image-title=\"DSC_6677_pp\" data-image-description=\"\" data-image-caption=\"\" data-large-file=\"https:\/\/i0.wp.com\/hsv-ovenhausen.de\/hsv-neu\/wp-content\/uploads\/2016\/04\/DSC_6677_pp.jpg?fit=682%2C1024&amp;ssl=1\" class=\"alignnone size-medium wp-image-1981\" src=\"https:\/\/i0.wp.com\/hsv-ovenhausen.de\/hsv-neu\/wp-content\/uploads\/2016\/04\/DSC_6677_pp.jpg?resize=200%2C300\" alt=\"DSC_6677_pp\" width=\"200\" height=\"300\" data-id=\"1981\" srcset=\"https:\/\/i0.wp.com\/hsv-ovenhausen.de\/hsv-neu\/wp-content\/uploads\/2016\/04\/DSC_6677_pp.jpg?resize=200%2C300&amp;ssl=1 200w, https:\/\/i0.wp.com\/hsv-ovenhausen.de\/hsv-neu\/wp-content\/uploads\/2016\/04\/DSC_6677_pp.jpg?resize=768%2C1153&amp;ssl=1 768w, https:\/\/i0.wp.com\/hsv-ovenhausen.de\/hsv-neu\/wp-content\/uploads\/2016\/04\/DSC_6677_pp.jpg?resize=682%2C1024&amp;ssl=1 682w, https:\/\/i0.wp.com\/hsv-ovenhausen.de\/hsv-neu\/wp-content\/uploads\/2016\/04\/DSC_6677_pp.jpg?w=1485&amp;ssl=1 1485w, https:\/\/i0.wp.com\/hsv-ovenhausen.de\/hsv-neu\/wp-content\/uploads\/2016\/04\/DSC_6677_pp.jpg?w=1400 1400w\" sizes=\"auto, (max-width: 200px) 100vw, 200px\" \/><\/a><\/p>\n<p><span style=\"color: #ff0000;\">J\u00fcrgen Todt\u00a0\u00a0\u00a0\u00a0\u00a0\u00a0\u00a0\u00a0\u00a0\u00a0\u00a0\u00a0\u00a0\u00a0\u00a0\u00a0\u00a0\u00a0\u00a0\u00a0\u00a0\u00a0\u00a0\u00a0\u00a0\u00a0\u00a0\u00a0\u00a0\u00a0\u00a0\u00a0\u00a0\u00a0\u00a0\u00a0\u00a0\u00a0\u00a0 Rolf Ma\u00dfmann<\/span><\/p>\n<p>&nbsp;<\/p>\n","protected":false},"excerpt":{"rendered":"<p>Senioren A &#8211;\u00a0KK 50 Meter Die Sch\u00fctzen Ewald Hanke &#8211; Martin Bahr und Elmar Dr\u00fcke sicherten sich bei den diesj\u00e4hrigen Kreismeisterschaften in H\u00f6xter den Titel. In der Einzelwertung belegten die Sch\u00fctzen auch gleich nur vordere\u00a0Pl\u00e4tze. Kreismeister wurde\u00a0Ewald Hanke\u00a0mit\u00a0298 Ring &#8211;\u00a0vor&hellip; <\/p>\n","protected":false},"author":6,"featured_media":0,"parent":1431,"menu_order":0,"comment_status":"closed","ping_status":"closed","template":"","meta":{"jetpack_post_was_ever_published":false,"footnotes":""},"class_list":["post-1529","page","type-page","status-publish","hentry"],"jetpack_sharing_enabled":true,"jetpack_shortlink":"https:\/\/wp.me\/P7qpVN-oF","jetpack-related-posts":[{"id":1533,"url":"\/?page_id=1533","url_meta":{"origin":1529,"position":0},"title":"2015","author":"Martin Bahr","date":"15. April 2016","format":false,"excerpt":"Senioren A - Luftgewehr 10 Meter Die Sch\u00fctzen Ewald Hanke - Martin Bahr und Elmar Dr\u00fcke schossen\u00a0bei den diesj\u00e4hrigen Kreismeisterschaften den Kreisrekord. \u00a0Mit sagenhaften 899 von 900 M\u00f6glichen verwiesen Sie die Konkurrenz in die Schranken. In der Einzelwertung belegten die Sch\u00fctzen auch gleich die ersten drei Pl\u00e4tze. Kreismeister wurde Martin\u2026","rel":"","context":"\u00c4hnlicher Beitrag","block_context":{"text":"\u00c4hnlicher Beitrag","link":""},"img":{"alt_text":"DSC_6684_pp","src":"https:\/\/i0.wp.com\/hsv-ovenhausen.de\/hsv-neu\/wp-content\/uploads\/2016\/04\/DSC_6684_pp-3-300x200.jpg?resize=350%2C200","width":350,"height":200},"classes":[]},{"id":1477,"url":"\/?page_id=1477","url_meta":{"origin":1529,"position":1},"title":"2015","author":"Martin Bahr","date":"13. April 2016","format":false,"excerpt":"HSV Ovenhausen sammelt bei den Bezirksmeisterschaften in H\u00f6velhof Kleinkaliber (KK 50 Meter) viele Titel. Beste Einzelsch\u00fctzen im Bezirk - J\u00fcrgen Todt und Martin Bahr Die Mannschaft mit den Sch\u00fctzen: Martin Bahr 296 Ring \u2013 Ewald Hanke 287 Ring und Elmar Dr\u00fcke 275 Ring sicherte sich den Titel in der Klasse\u2026","rel":"","context":"\u00c4hnlicher Beitrag","block_context":{"text":"\u00c4hnlicher Beitrag","link":""},"img":{"alt_text":"DSC_6684_pp","src":"https:\/\/i0.wp.com\/hsv-ovenhausen.de\/hsv-neu\/wp-content\/uploads\/2016\/04\/DSC_6684_pp-2-300x200.jpg?resize=350%2C200","width":350,"height":200},"classes":[]},{"id":1523,"url":"\/?page_id=1523","url_meta":{"origin":1529,"position":2},"title":"2015","author":"Martin Bahr","date":"15. April 2016","format":false,"excerpt":"Der HSV Ovenhausen war\u00a0auch bei den Bezirksmeisterschaften LG Auflage 10 Meter in H\u00f6velhof wieder sehr erfolgreich. In der Altersklasse \u201eSenioren A\u201c\u00a0 hat der HSV in der Mannschaftswertung mit den Sch\u00fctzen Martin Bahr 298 \u2013 Ewald Hanke 297 und Elmar Dr\u00fcke 286 -die Silbermedaille gewonnen. Martin Bahr konnte in der Einzelwertung\u00a0\u2026","rel":"","context":"\u00c4hnlicher Beitrag","block_context":{"text":"\u00c4hnlicher Beitrag","link":""},"img":{"alt_text":"DSC_6684_pp","src":"https:\/\/i0.wp.com\/hsv-ovenhausen.de\/hsv-neu\/wp-content\/uploads\/2016\/04\/DSC_6684_pp-300x200.jpg?resize=350%2C200","width":350,"height":200},"classes":[]},{"id":1541,"url":"\/?page_id=1541","url_meta":{"origin":1529,"position":3},"title":"2015 Senioren A","author":"Martin Bahr","date":"15. April 2016","format":false,"excerpt":"Die Landesmeisterschaften 2015 bei den \"Senioren A\" standen ganz im Zeichen des HSV-Ovenhausen. Geschossen wurde Luftgewehr auf 10 Meter Entfernung. Gerade p\u00fcnktlich zum gro\u00dfen Heimatfest haben die Sch\u00fctzen\u00a0Elmar Dr\u00fcke 299 Ring, Martin Bahr 300 Ring und Ewald Hanke 300 Ring\u00a0diese tolle\u00a0Leistung abrufen k\u00f6nnen. Mit 899 von 900 M\u00f6glichen wurde der\u2026","rel":"","context":"\u00c4hnlicher Beitrag","block_context":{"text":"\u00c4hnlicher Beitrag","link":""},"img":{"alt_text":"","src":"https:\/\/i0.wp.com\/hsv-ovenhausen.de\/hsv-neu\/wp-content\/uploads\/2016\/04\/DSC_6684_pp-1.jpg?fit=1200%2C800&ssl=1&resize=350%2C200","width":350,"height":200,"srcset":"https:\/\/i0.wp.com\/hsv-ovenhausen.de\/hsv-neu\/wp-content\/uploads\/2016\/04\/DSC_6684_pp-1.jpg?fit=1200%2C800&ssl=1&resize=350%2C200 1x, https:\/\/i0.wp.com\/hsv-ovenhausen.de\/hsv-neu\/wp-content\/uploads\/2016\/04\/DSC_6684_pp-1.jpg?fit=1200%2C800&ssl=1&resize=525%2C300 1.5x, https:\/\/i0.wp.com\/hsv-ovenhausen.de\/hsv-neu\/wp-content\/uploads\/2016\/04\/DSC_6684_pp-1.jpg?fit=1200%2C800&ssl=1&resize=700%2C400 2x, https:\/\/i0.wp.com\/hsv-ovenhausen.de\/hsv-neu\/wp-content\/uploads\/2016\/04\/DSC_6684_pp-1.jpg?fit=1200%2C800&ssl=1&resize=1050%2C600 3x"},"classes":[]},{"id":1527,"url":"\/?page_id=1527","url_meta":{"origin":1529,"position":4},"title":"2015","author":"Martin Bahr","date":"15. April 2016","format":false,"excerpt":"HSV Ovenhausen Bei den deutschen Meisterschaften LG Auflage Senioren A - 10 Meter am vergangenen Wochenende in Dortmund konnte der HSV seine hohen Erwartungen leider nicht ganz erf\u00fcllen. Als diesj\u00e4hriger Landesmeister mit 899 von 900 m\u00f6glichen Ring als Mitfavorit f\u00fcr den Titel gestartet, hielten die Nerven bei den Mannschaftssch\u00fctzen jedoch\u2026","rel":"","context":"\u00c4hnlicher Beitrag","block_context":{"text":"\u00c4hnlicher Beitrag","link":""},"img":{"alt_text":"20151018_154132 (2)","src":"https:\/\/i0.wp.com\/hsv-ovenhausen.de\/hsv-neu\/wp-content\/uploads\/2016\/04\/20151018_154132-2-300x169.jpg?resize=350%2C200","width":350,"height":200},"classes":[]},{"id":2030,"url":"\/?page_id=2030","url_meta":{"origin":1529,"position":5},"title":"2016","author":"Martin Bahr","date":"22. April 2016","format":false,"excerpt":"Bezirksmeisterschaft KK 100 Meter \u2013 Senioren A Die erste Mannschaft des HSV Ovenhausen mit den Sch\u00fctzen: Ewald Hanke 298 \u2013 Elmar Dr\u00fcke 298 und Martin Bahr 297 sichern sich den Titel vor Brakel Platz 1\u00a0\u00a0\u00a0\u00a0\u00a0\u00a0\u00a0\u00a0\u00a0\u00a0\u00a0\u00a0\u00a0\u00a0\u00a0\u00a0 HSV Ovenhausen\u00a0\u00a0\u00a0\u00a0\u00a0\u00a0\u00a0\u00a0\u00a0\u00a0\u00a0 893 Ring Platz 2\u00a0\u00a0\u00a0\u00a0\u00a0\u00a0\u00a0\u00a0\u00a0\u00a0\u00a0\u00a0\u00a0\u00a0\u00a0\u00a0 Brakel I\u00a0\u00a0\u00a0\u00a0\u00a0\u00a0\u00a0\u00a0\u00a0\u00a0\u00a0\u00a0\u00a0\u00a0\u00a0\u00a0\u00a0\u00a0\u00a0\u00a0\u00a0\u00a0\u00a0\u00a0\u00a0\u00a0\u00a0\u00a0 887 Ring Von links: Elmar Dr\u00fcke \u2013\u2026","rel":"","context":"\u00c4hnlicher Beitrag","block_context":{"text":"\u00c4hnlicher Beitrag","link":""},"img":{"alt_text":"DSC_6684_pp","src":"https:\/\/i0.wp.com\/hsv-ovenhausen.de\/hsv-neu\/wp-content\/uploads\/2016\/04\/DSC_6684_pp-3-300x200.jpg?resize=350%2C200","width":350,"height":200},"classes":[]}],"_links":{"self":[{"href":"\/index.php?rest_route=\/wp\/v2\/pages\/1529","targetHints":{"allow":["GET"]}}],"collection":[{"href":"\/index.php?rest_route=\/wp\/v2\/pages"}],"about":[{"href":"\/index.php?rest_route=\/wp\/v2\/types\/page"}],"author":[{"embeddable":true,"href":"\/index.php?rest_route=\/wp\/v2\/users\/6"}],"replies":[{"embeddable":true,"href":"\/index.php?rest_route=%2Fwp%2Fv2%2Fcomments&post=1529"}],"version-history":[{"count":3,"href":"\/index.php?rest_route=\/wp\/v2\/pages\/1529\/revisions"}],"predecessor-version":[{"id":1983,"href":"\/index.php?rest_route=\/wp\/v2\/pages\/1529\/revisions\/1983"}],"up":[{"embeddable":true,"href":"\/index.php?rest_route=\/wp\/v2\/pages\/1431"}],"wp:attachment":[{"href":"\/index.php?rest_route=%2Fwp%2Fv2%2Fmedia&parent=1529"}],"curies":[{"name":"wp","href":"https:\/\/api.w.org\/{rel}","templated":true}]}}