{"id":1461,"date":"2016-04-13T23:50:20","date_gmt":"2016-04-13T21:50:20","guid":{"rendered":"http:\/\/hsv-ovenhausen.de\/?page_id=1461"},"modified":"2016-04-13T23:50:20","modified_gmt":"2016-04-13T21:50:20","slug":"landesmeisterschaft-lg-2","status":"publish","type":"page","link":"\/?page_id=1461","title":{"rendered":"Landesmeisterschaft LG"},"content":{"rendered":"","protected":false},"excerpt":{"rendered":"","protected":false},"author":6,"featured_media":0,"parent":29,"menu_order":0,"comment_status":"closed","ping_status":"closed","template":"","meta":{"jetpack_post_was_ever_published":false,"footnotes":""},"class_list":["post-1461","page","type-page","status-publish","hentry"],"jetpack_sharing_enabled":true,"jetpack_shortlink":"https:\/\/wp.me\/P7qpVN-nz","jetpack-related-posts":[{"id":1424,"url":"\/?page_id=1424","url_meta":{"origin":1461,"position":0},"title":"Landesmeisterschaft KK","author":"Martin Bahr","date":"13. April 2016","format":false,"excerpt":"","rel":"","context":"\u00c4hnlicher Beitrag","block_context":{"text":"\u00c4hnlicher Beitrag","link":""},"img":{"alt_text":"","src":"","width":0,"height":0},"classes":[]},{"id":2237,"url":"\/?page_id=2237","url_meta":{"origin":1461,"position":1},"title":"2016 Altersklasse","author":"Martin Bahr","date":"28. Juni 2016","format":false,"excerpt":"Soeben kommen unsere Jungs (Senioren) J\u00fcrgen Todt, Rolf Ma\u00dfmann, Markus B\u00f6melburg und Bernward Mutter von den Landesmeisterschaften aus Dortmund zur\u00fcck. Sie durften heute gleich 2 Wettbewerbe schie\u00dfen. Um 10 Uhr starteten J\u00fcrgen, Rolf und Markus in der Disziplin KK 50 Meter. J\u00fcrgen schoss 292 Ring\u00a0. Leider einen Platz an Bronze\u2026","rel":"","context":"\u00c4hnlicher Beitrag","block_context":{"text":"\u00c4hnlicher Beitrag","link":""},"img":{"alt_text":"20160424_100929","src":"https:\/\/i0.wp.com\/hsv-ovenhausen.de\/hsv-neu\/wp-content\/uploads\/2016\/06\/20160424_100929-300x169.jpg?resize=350%2C200","width":350,"height":200,"srcset":"https:\/\/i0.wp.com\/hsv-ovenhausen.de\/hsv-neu\/wp-content\/uploads\/2016\/06\/20160424_100929-300x169.jpg?resize=350%2C200 1x, https:\/\/i0.wp.com\/hsv-ovenhausen.de\/hsv-neu\/wp-content\/uploads\/2016\/06\/20160424_100929-300x169.jpg?resize=525%2C300 1.5x"},"classes":[]},{"id":1537,"url":"\/?page_id=1537","url_meta":{"origin":1461,"position":2},"title":"2015 Senioren A","author":"Martin Bahr","date":"15. April 2016","format":false,"excerpt":"Senioren A F\u00fcr den HSV ist diese Turnier leider nicht so gut gelaufen. Trotz des vielen Trainings konnten die eigenen\u00a0Erwartungen auch nicht nur ann\u00e4hernd erf\u00fcllt werden. Die Sch\u00fctzen -\u00a0Martin Bahr 290 Ring - Ewald Hanke 285 Ring und Elmar Dr\u00fcke 281 Ring waren mit diesen Ergebnissen \u00fcberhaupt nicht zufrieden. F\u00fcr\u2026","rel":"","context":"\u00c4hnlicher Beitrag","block_context":{"text":"\u00c4hnlicher Beitrag","link":""},"img":{"alt_text":"DSC_6684_pp","src":"https:\/\/i0.wp.com\/hsv-ovenhausen.de\/hsv-neu\/wp-content\/uploads\/2016\/04\/DSC_6684_pp-3-300x200.jpg?resize=350%2C200","width":350,"height":200},"classes":[]},{"id":2272,"url":"\/?page_id=2272","url_meta":{"origin":1461,"position":3},"title":"2016 KK Senioren A 100 Meter","author":"Martin Bahr","date":"4. Juli 2016","format":false,"excerpt":"Landesmeister ist der HSV Ovenhausen in der Disziplin KK \u2013 100 Meter Langsam wird es unheimlich um den HSV Ovenhausen \u2013 beim dritten Start der diesj\u00e4hrigen Landesmeisterschaften der Senioren A, dieses mal in Hamm, in der Disziplin KK-100 Meter wurde wieder gesiegt. Die Sch\u00fctzen Ewald Hanke, Martin Bahr und Elmar\u2026","rel":"","context":"\u00c4hnlicher Beitrag","block_context":{"text":"\u00c4hnlicher Beitrag","link":""},"img":{"alt_text":"IMG-20160703-WA0015_1467624075304","src":"https:\/\/i0.wp.com\/hsv-ovenhausen.de\/hsv-neu\/wp-content\/uploads\/2016\/07\/IMG-20160703-WA0015_1467624075304-300x169.jpg?resize=350%2C200","width":350,"height":200,"srcset":"https:\/\/i0.wp.com\/hsv-ovenhausen.de\/hsv-neu\/wp-content\/uploads\/2016\/07\/IMG-20160703-WA0015_1467624075304-300x169.jpg?resize=350%2C200 1x, https:\/\/i0.wp.com\/hsv-ovenhausen.de\/hsv-neu\/wp-content\/uploads\/2016\/07\/IMG-20160703-WA0015_1467624075304-300x169.jpg?resize=525%2C300 1.5x"},"classes":[]},{"id":2233,"url":"\/?page_id=2233","url_meta":{"origin":1461,"position":4},"title":"2016 Senioren A","author":"Martin Bahr","date":"28. Juni 2016","format":false,"excerpt":"Der HSV Ovenhausen, mit den Sch\u00fctzen Ewald Hanke, Martin Bahr und Elmar Dr\u00fcke hat bei den Landesmeisterschaften in Dortmund, in der Disziplin LG 10 Meter, wieder einen Podestplatz erreicht. Die 899 Ring vom letzten Jahr konnten leider nicht wiederholt werden, aber die geschossenen 895 Ring reichten zur Bronzemedaille. Martin Bahr\u2026","rel":"","context":"\u00c4hnlicher Beitrag","block_context":{"text":"\u00c4hnlicher Beitrag","link":""},"img":{"alt_text":"IMG-20160626-WA0013","src":"https:\/\/i0.wp.com\/hsv-ovenhausen.de\/hsv-neu\/wp-content\/uploads\/2016\/06\/IMG-20160626-WA0013-300x169.jpg?resize=350%2C200","width":350,"height":200,"srcset":"https:\/\/i0.wp.com\/hsv-ovenhausen.de\/hsv-neu\/wp-content\/uploads\/2016\/06\/IMG-20160626-WA0013-300x169.jpg?resize=350%2C200 1x, https:\/\/i0.wp.com\/hsv-ovenhausen.de\/hsv-neu\/wp-content\/uploads\/2016\/06\/IMG-20160626-WA0013-300x169.jpg?resize=525%2C300 1.5x"},"classes":[]},{"id":2235,"url":"\/?page_id=2235","url_meta":{"origin":1461,"position":5},"title":"2016 Senioren A &#8211; 50 Meter","author":"Martin Bahr","date":"28. Juni 2016","format":false,"excerpt":"Martin Bahr aus Ovenhausen ist\u00a0Landesmeister. Die Sportsch\u00fctzen aus Ovenhausen lieferten am Wochenende bei der Landesmeisterschaft KK 50 Meter Senioren A in Dortmund, ein super Ergebnis ab. Landesmeister in der Einzelwertung wurde Martin Bahr mit 296 Ring. Peter M\u00fcller (Bad Waldliesborn) - Martin Bahr - Ralf Haarmann (SG Overberge) Martin konnte\u2026","rel":"","context":"\u00c4hnlicher Beitrag","block_context":{"text":"\u00c4hnlicher Beitrag","link":""},"img":{"alt_text":"IMG-20160619-WA0010","src":"https:\/\/i0.wp.com\/hsv-ovenhausen.de\/hsv-neu\/wp-content\/uploads\/2016\/06\/IMG-20160619-WA0010-272x300.jpg?resize=350%2C200","width":350,"height":200},"classes":[]}],"_links":{"self":[{"href":"\/index.php?rest_route=\/wp\/v2\/pages\/1461","targetHints":{"allow":["GET"]}}],"collection":[{"href":"\/index.php?rest_route=\/wp\/v2\/pages"}],"about":[{"href":"\/index.php?rest_route=\/wp\/v2\/types\/page"}],"author":[{"embeddable":true,"href":"\/index.php?rest_route=\/wp\/v2\/users\/6"}],"replies":[{"embeddable":true,"href":"\/index.php?rest_route=%2Fwp%2Fv2%2Fcomments&post=1461"}],"version-history":[{"count":1,"href":"\/index.php?rest_route=\/wp\/v2\/pages\/1461\/revisions"}],"predecessor-version":[{"id":1462,"href":"\/index.php?rest_route=\/wp\/v2\/pages\/1461\/revisions\/1462"}],"up":[{"embeddable":true,"href":"\/index.php?rest_route=\/wp\/v2\/pages\/29"}],"wp:attachment":[{"href":"\/index.php?rest_route=%2Fwp%2Fv2%2Fmedia&parent=1461"}],"curies":[{"name":"wp","href":"https:\/\/api.w.org\/{rel}","templated":true}]}}