{"id":1525,"date":"2016-04-15T02:08:32","date_gmt":"2016-04-15T00:08:32","guid":{"rendered":"http:\/\/hsv-ovenhausen.de\/?page_id=1525"},"modified":"2016-04-20T17:54:39","modified_gmt":"2016-04-20T15:54:39","slug":"2015-2","status":"publish","type":"page","link":"\/?page_id=1525","title":{"rendered":"2015"},"content":{"rendered":"<p>Deutsche Meisterschaft Senioren A \u2013 KK Auflage 50 Meter<\/p>\n<p>Der HSV Ovenhausen kann wieder einmal ein Topergebnis melden<\/p>\n<p>Bei den DM in Hannover konnte Martin Bahr einen guten 44 Platz belegen.<\/p>\n<p>Bis zum 25 Schuss noch auf Meisterschaftskurs 99\/98 und dann 4 Zehner \u2013 Danach ein kleiner aber entscheidender technischer Defekt an der Waffe, vier Neuner hintereinander &#8211; somit wurde die letzte Serie nur mit 96 beendet \u2013 insgesamt 293 Ring \u2013 und somit Platz 44.<\/p>\n<p><a href=\"https:\/\/i0.wp.com\/hsv-ovenhausen.de\/hsv-neu\/wp-content\/uploads\/2016\/04\/Martin-Bahr.jpg\"><img data-recalc-dims=\"1\" loading=\"lazy\" decoding=\"async\" data-attachment-id=\"1992\" data-permalink=\"\/?attachment_id=1992\" data-orig-file=\"https:\/\/i0.wp.com\/hsv-ovenhausen.de\/hsv-neu\/wp-content\/uploads\/2016\/04\/Martin-Bahr.jpg?fit=1402%2C2110\" data-orig-size=\"1402,2110\" data-comments-opened=\"0\" data-image-meta=\"{&quot;aperture&quot;:&quot;9&quot;,&quot;credit&quot;:&quot;Wollesen&quot;,&quot;camera&quot;:&quot;NIKON D610&quot;,&quot;caption&quot;:&quot;&quot;,&quot;created_timestamp&quot;:&quot;1420488553&quot;,&quot;copyright&quot;:&quot;CLAUDIA WOLLESEN&quot;,&quot;focal_length&quot;:&quot;36&quot;,&quot;iso&quot;:&quot;500&quot;,&quot;shutter_speed&quot;:&quot;0.005&quot;,&quot;title&quot;:&quot;&quot;,&quot;orientation&quot;:&quot;0&quot;}\" data-image-title=\"Martin Bahr\" data-image-description=\"\" data-image-caption=\"\" data-large-file=\"https:\/\/i0.wp.com\/hsv-ovenhausen.de\/hsv-neu\/wp-content\/uploads\/2016\/04\/Martin-Bahr.jpg?fit=680%2C1024\" class=\"alignnone wp-image-1992\" src=\"https:\/\/i0.wp.com\/hsv-ovenhausen.de\/hsv-neu\/wp-content\/uploads\/2016\/04\/Martin-Bahr.jpg?resize=299%2C450\" alt=\"Martin Bahr\" width=\"299\" height=\"450\" data-id=\"1992\" srcset=\"https:\/\/i0.wp.com\/hsv-ovenhausen.de\/hsv-neu\/wp-content\/uploads\/2016\/04\/Martin-Bahr.jpg?resize=199%2C300 199w, https:\/\/i0.wp.com\/hsv-ovenhausen.de\/hsv-neu\/wp-content\/uploads\/2016\/04\/Martin-Bahr.jpg?resize=768%2C1156 768w, https:\/\/i0.wp.com\/hsv-ovenhausen.de\/hsv-neu\/wp-content\/uploads\/2016\/04\/Martin-Bahr.jpg?resize=680%2C1024 680w, https:\/\/i0.wp.com\/hsv-ovenhausen.de\/hsv-neu\/wp-content\/uploads\/2016\/04\/Martin-Bahr.jpg?w=1402 1402w\" sizes=\"auto, (max-width: 299px) 100vw, 299px\" \/><\/a><\/p>\n<p>Martin Bahr dazu:<\/p>\n<p>der Titel ist mit 297 weggegangen \u2013 ohne den Defekt w\u00e4re ich sicherlich ganz oben dabei gewesen. Insgesamt aber zufriedenstellend \u2013 von 175 Teilnehmern Platz 44 \u2013 somit immer noch im oberen Drittel der deutschen Spitze.<\/p>\n","protected":false},"excerpt":{"rendered":"<p>Deutsche Meisterschaft Senioren A \u2013 KK Auflage 50 Meter Der HSV Ovenhausen kann wieder einmal ein Topergebnis melden Bei den DM in Hannover konnte Martin Bahr einen guten 44 Platz belegen. Bis zum 25 Schuss noch auf Meisterschaftskurs 99\/98 und&hellip; <\/p>\n","protected":false},"author":6,"featured_media":0,"parent":1463,"menu_order":0,"comment_status":"closed","ping_status":"closed","template":"","meta":{"jetpack_post_was_ever_published":false,"footnotes":""},"class_list":["post-1525","page","type-page","status-publish","hentry"],"jetpack_sharing_enabled":true,"jetpack_shortlink":"https:\/\/wp.me\/P7qpVN-oB","jetpack-related-posts":[{"id":1527,"url":"\/?page_id=1527","url_meta":{"origin":1525,"position":0},"title":"2015","author":"Martin Bahr","date":"15. April 2016","format":false,"excerpt":"HSV Ovenhausen Bei den deutschen Meisterschaften LG Auflage Senioren A - 10 Meter am vergangenen Wochenende in Dortmund konnte der HSV seine hohen Erwartungen leider nicht ganz erf\u00fcllen. Als diesj\u00e4hriger Landesmeister mit 899 von 900 m\u00f6glichen Ring als Mitfavorit f\u00fcr den Titel gestartet, hielten die Nerven bei den Mannschaftssch\u00fctzen jedoch\u2026","rel":"","context":"\u00c4hnlicher Beitrag","block_context":{"text":"\u00c4hnlicher Beitrag","link":""},"img":{"alt_text":"20151018_154132 (2)","src":"https:\/\/i0.wp.com\/hsv-ovenhausen.de\/hsv-neu\/wp-content\/uploads\/2016\/04\/20151018_154132-2-300x169.jpg?resize=350%2C200","width":350,"height":200},"classes":[]},{"id":2233,"url":"\/?page_id=2233","url_meta":{"origin":1525,"position":1},"title":"2016 Senioren A","author":"Martin Bahr","date":"28. Juni 2016","format":false,"excerpt":"Der HSV Ovenhausen, mit den Sch\u00fctzen Ewald Hanke, Martin Bahr und Elmar Dr\u00fcke hat bei den Landesmeisterschaften in Dortmund, in der Disziplin LG 10 Meter, wieder einen Podestplatz erreicht. Die 899 Ring vom letzten Jahr konnten leider nicht wiederholt werden, aber die geschossenen 895 Ring reichten zur Bronzemedaille. Martin Bahr\u2026","rel":"","context":"\u00c4hnlicher Beitrag","block_context":{"text":"\u00c4hnlicher Beitrag","link":""},"img":{"alt_text":"IMG-20160626-WA0013","src":"https:\/\/i0.wp.com\/hsv-ovenhausen.de\/hsv-neu\/wp-content\/uploads\/2016\/06\/IMG-20160626-WA0013-300x169.jpg?resize=350%2C200","width":350,"height":200,"srcset":"https:\/\/i0.wp.com\/hsv-ovenhausen.de\/hsv-neu\/wp-content\/uploads\/2016\/06\/IMG-20160626-WA0013-300x169.jpg?resize=350%2C200 1x, https:\/\/i0.wp.com\/hsv-ovenhausen.de\/hsv-neu\/wp-content\/uploads\/2016\/06\/IMG-20160626-WA0013-300x169.jpg?resize=525%2C300 1.5x"},"classes":[]},{"id":2387,"url":"\/?page_id=2387","url_meta":{"origin":1525,"position":2},"title":"2016","author":"Martin Bahr","date":"9. Oktober 2016","format":false,"excerpt":"Endlich geschafft Der HSV Ovenhausen pr\u00e4sentiert den \u201eersten deutschen Meistertitel\u201c \u00a0 Das viele Training hat sich ausgezahlt. Am Samstag, den 08.10.2016 durfte der HSV erstmals an der Deutschen Meisterschaft KK 100 Meter in Hannover teilnehmen. Qualifiziert hatten sich die Sch\u00fctzen: Ewald Hanke \u2013 Martin Bahr und Elmar Dr\u00fcke mit dem\u2026","rel":"","context":"\u00c4hnlicher Beitrag","block_context":{"text":"\u00c4hnlicher Beitrag","link":""},"img":{"alt_text":"img-20161008-wa0023","src":"https:\/\/i0.wp.com\/hsv-ovenhausen.de\/hsv-neu\/wp-content\/uploads\/2016\/10\/IMG-20161008-WA0023-300x225.jpg?resize=350%2C200","width":350,"height":200,"srcset":"https:\/\/i0.wp.com\/hsv-ovenhausen.de\/hsv-neu\/wp-content\/uploads\/2016\/10\/IMG-20161008-WA0023-300x225.jpg?resize=350%2C200 1x, https:\/\/i0.wp.com\/hsv-ovenhausen.de\/hsv-neu\/wp-content\/uploads\/2016\/10\/IMG-20161008-WA0023-300x225.jpg?resize=525%2C300 1.5x"},"classes":[]},{"id":2272,"url":"\/?page_id=2272","url_meta":{"origin":1525,"position":3},"title":"2016 KK Senioren A 100 Meter","author":"Martin Bahr","date":"4. Juli 2016","format":false,"excerpt":"Landesmeister ist der HSV Ovenhausen in der Disziplin KK \u2013 100 Meter Langsam wird es unheimlich um den HSV Ovenhausen \u2013 beim dritten Start der diesj\u00e4hrigen Landesmeisterschaften der Senioren A, dieses mal in Hamm, in der Disziplin KK-100 Meter wurde wieder gesiegt. Die Sch\u00fctzen Ewald Hanke, Martin Bahr und Elmar\u2026","rel":"","context":"\u00c4hnlicher Beitrag","block_context":{"text":"\u00c4hnlicher Beitrag","link":""},"img":{"alt_text":"IMG-20160703-WA0015_1467624075304","src":"https:\/\/i0.wp.com\/hsv-ovenhausen.de\/hsv-neu\/wp-content\/uploads\/2016\/07\/IMG-20160703-WA0015_1467624075304-300x169.jpg?resize=350%2C200","width":350,"height":200,"srcset":"https:\/\/i0.wp.com\/hsv-ovenhausen.de\/hsv-neu\/wp-content\/uploads\/2016\/07\/IMG-20160703-WA0015_1467624075304-300x169.jpg?resize=350%2C200 1x, https:\/\/i0.wp.com\/hsv-ovenhausen.de\/hsv-neu\/wp-content\/uploads\/2016\/07\/IMG-20160703-WA0015_1467624075304-300x169.jpg?resize=525%2C300 1.5x"},"classes":[]},{"id":1533,"url":"\/?page_id=1533","url_meta":{"origin":1525,"position":4},"title":"2015","author":"Martin Bahr","date":"15. April 2016","format":false,"excerpt":"Senioren A - Luftgewehr 10 Meter Die Sch\u00fctzen Ewald Hanke - Martin Bahr und Elmar Dr\u00fcke schossen\u00a0bei den diesj\u00e4hrigen Kreismeisterschaften den Kreisrekord. \u00a0Mit sagenhaften 899 von 900 M\u00f6glichen verwiesen Sie die Konkurrenz in die Schranken. In der Einzelwertung belegten die Sch\u00fctzen auch gleich die ersten drei Pl\u00e4tze. Kreismeister wurde Martin\u2026","rel":"","context":"\u00c4hnlicher Beitrag","block_context":{"text":"\u00c4hnlicher Beitrag","link":""},"img":{"alt_text":"DSC_6684_pp","src":"https:\/\/i0.wp.com\/hsv-ovenhausen.de\/hsv-neu\/wp-content\/uploads\/2016\/04\/DSC_6684_pp-3-300x200.jpg?resize=350%2C200","width":350,"height":200},"classes":[]},{"id":1541,"url":"\/?page_id=1541","url_meta":{"origin":1525,"position":5},"title":"2015 Senioren A","author":"Martin Bahr","date":"15. April 2016","format":false,"excerpt":"Die Landesmeisterschaften 2015 bei den \"Senioren A\" standen ganz im Zeichen des HSV-Ovenhausen. Geschossen wurde Luftgewehr auf 10 Meter Entfernung. Gerade p\u00fcnktlich zum gro\u00dfen Heimatfest haben die Sch\u00fctzen\u00a0Elmar Dr\u00fcke 299 Ring, Martin Bahr 300 Ring und Ewald Hanke 300 Ring\u00a0diese tolle\u00a0Leistung abrufen k\u00f6nnen. Mit 899 von 900 M\u00f6glichen wurde der\u2026","rel":"","context":"\u00c4hnlicher Beitrag","block_context":{"text":"\u00c4hnlicher Beitrag","link":""},"img":{"alt_text":"","src":"https:\/\/i0.wp.com\/hsv-ovenhausen.de\/hsv-neu\/wp-content\/uploads\/2016\/04\/DSC_6684_pp-1.jpg?fit=1200%2C800&resize=350%2C200","width":350,"height":200,"srcset":"https:\/\/i0.wp.com\/hsv-ovenhausen.de\/hsv-neu\/wp-content\/uploads\/2016\/04\/DSC_6684_pp-1.jpg?fit=1200%2C800&resize=350%2C200 1x, https:\/\/i0.wp.com\/hsv-ovenhausen.de\/hsv-neu\/wp-content\/uploads\/2016\/04\/DSC_6684_pp-1.jpg?fit=1200%2C800&resize=525%2C300 1.5x, https:\/\/i0.wp.com\/hsv-ovenhausen.de\/hsv-neu\/wp-content\/uploads\/2016\/04\/DSC_6684_pp-1.jpg?fit=1200%2C800&resize=700%2C400 2x, https:\/\/i0.wp.com\/hsv-ovenhausen.de\/hsv-neu\/wp-content\/uploads\/2016\/04\/DSC_6684_pp-1.jpg?fit=1200%2C800&resize=1050%2C600 3x"},"classes":[]}],"_links":{"self":[{"href":"\/index.php?rest_route=\/wp\/v2\/pages\/1525","targetHints":{"allow":["GET"]}}],"collection":[{"href":"\/index.php?rest_route=\/wp\/v2\/pages"}],"about":[{"href":"\/index.php?rest_route=\/wp\/v2\/types\/page"}],"author":[{"embeddable":true,"href":"\/index.php?rest_route=\/wp\/v2\/users\/6"}],"replies":[{"embeddable":true,"href":"\/index.php?rest_route=%2Fwp%2Fv2%2Fcomments&post=1525"}],"version-history":[{"count":5,"href":"\/index.php?rest_route=\/wp\/v2\/pages\/1525\/revisions"}],"predecessor-version":[{"id":1995,"href":"\/index.php?rest_route=\/wp\/v2\/pages\/1525\/revisions\/1995"}],"up":[{"embeddable":true,"href":"\/index.php?rest_route=\/wp\/v2\/pages\/1463"}],"wp:attachment":[{"href":"\/index.php?rest_route=%2Fwp%2Fv2%2Fmedia&parent=1525"}],"curies":[{"name":"wp","href":"https:\/\/api.w.org\/{rel}","templated":true}]}}